{"id":999,"date":"2020-04-15T16:48:46","date_gmt":"2020-04-15T16:48:46","guid":{"rendered":"https:\/\/lajollaexcellence.com\/?page_id=999"},"modified":"2021-03-29T19:01:58","modified_gmt":"2021-03-29T19:01:58","slug":"faqs","status":"publish","type":"page","link":"https:\/\/lajollaexcellence.com\/es\/faqs\/","title":{"rendered":"FAQ\u00b4s:"},"content":{"rendered":"<h2>\u00bfD\u00f3nde est\u00e1 La Jolla Excellence?<\/h2>\n<p>La Jolla Excellence se encuentra a solo 24 millas de la frontera entre Estados Unidos y M\u00e9xico en Rosarito, Baja California. El desarrollo se encuentra en lo que se conoce localmente como \"Playa Encantada\" o \"Playa Encantada\".<\/p>\n<h2>\u00bfQui\u00e9nes son los desarrolladores?<\/h2>\n<p><span class=\"s1\">La Jolla Excellence es desarrollado por Desarrolladora de Las Californias SA de CV (DECASA). DECASA ha estado construyendo desarrollos residenciales en el \u00e1rea de Rosarito durante 30 a\u00f1os y ha vendido m\u00e1s de 850 unidades. La Jolla Excellence es su 7mo proyecto, algunos de sus proyectos incluyen: La Jolla real, La Jolla del Mar, y Oceana Casa del Mar. DECASA es reconocido como el desarrollador con m\u00e1s experiencia en el \u00e1rea de la playa de Rosarito.<\/span><span class=\"s2\"><sup>th<\/sup><\/span><span class=\"s1\">\u00a0project, some of their projects include: La Jolla Real, La Jolla del Mar, and Oceana Casa del Mar. DECASA is renowned as the most experienced developer in the Rosarito Beach area.<\/span><\/p>\n<h2>\u00bfDe cu\u00e1ntas unidades consta La Jolla Excellence?<\/h2>\n<p>Hay 105 villas y 257 condominios repartidos en 5 torres. Las torres 1, 2 y 3 tienen 10 pisos de altura y las torres 4 y 5 tienen 16 pisos de altura.<\/p>\n<h2>\u00bfCu\u00e1ntos lugares de estacionamiento tengo y cu\u00e1ntos lugares para visitantes?<\/h2>\n<p>Un lugar por condominio y un lugar para invitados por cada 6 condominios. Las villas tienen cochera para dos coches.<\/p>\n<h2>\u00bfA cu\u00e1nto asciende la tarifa de mantenimiento mensual?<\/h2>\n<p>The HOA fee will range from $180-$350 depending on the size of your unit.<\/p>","protected":false},"excerpt":{"rendered":"<p>Where is La Jolla Excellence? La Jolla Excellence is located just 24 miles from the U.S.- Mexico border in Rosarito, Baja California. The development sits on what is known locally as \u201cPlaya Encantada\u201d or \u201cEnchanted Beach\u201d. Who are the developers? La Jolla Excellence is developed by Desarrolladora de Las Californias S.A. de C.V. (DECASA). DECASA [&hellip;]<\/p>","protected":false},"author":1,"featured_media":1382,"parent":0,"menu_order":0,"comment_status":"closed","ping_status":"closed","template":"","meta":{"footnotes":""},"class_list":["post-999","page","type-page","status-publish","has-post-thumbnail","hentry","latest_post"],"yoast_head":"<!-- This site is optimized with the Yoast SEO plugin v23.1 - https:\/\/yoast.com\/wordpress\/plugins\/seo\/ -->\n<title>FAQ\u00b4s: - La Jolla<\/title>\n<meta name=\"description\" content=\"La Jolla Excellence is developed by Desarrolladora de Las Californias S.A. de C.V. (DECASA). DECASA have been building residential developments in the Rosarito area for 30 years, and have sold over 850 units. La Jolla Excellence is their 7th project.\" \/>\n<meta name=\"robots\" content=\"index, follow, max-snippet:-1, max-image-preview:large, max-video-preview:-1\" \/>\n<link rel=\"canonical\" href=\"https:\/\/lajollaexcellence.com\/es\/faqs\/\" \/>\n<meta property=\"og:locale\" content=\"es_MX\" \/>\n<meta property=\"og:type\" content=\"article\" \/>\n<meta property=\"og:title\" content=\"FAQ\u00b4s: - La Jolla\" \/>\n<meta property=\"og:description\" content=\"La Jolla Excellence is developed by Desarrolladora de Las Californias S.A. de C.V. (DECASA). DECASA have been building residential developments in the Rosarito area for 30 years, and have sold over 850 units. La Jolla Excellence is their 7th project.\" \/>\n<meta property=\"og:url\" content=\"https:\/\/lajollaexcellence.com\/es\/faqs\/\" \/>\n<meta property=\"og:site_name\" content=\"La Jolla\" \/>\n<meta property=\"article:publisher\" content=\"https:\/\/www.facebook.com\/LaJollaExcellence\" \/>\n<meta property=\"article:modified_time\" content=\"2021-03-29T19:01:58+00:00\" \/>\n<meta property=\"og:image\" content=\"https:\/\/lajollaexcellence.com\/wp-content\/uploads\/2020\/12\/FAQS.jpg\" \/>\n\t<meta property=\"og:image:width\" content=\"1170\" \/>\n\t<meta property=\"og:image:height\" content=\"480\" \/>\n\t<meta property=\"og:image:type\" content=\"image\/jpeg\" \/>\n<meta name=\"twitter:card\" content=\"summary_large_image\" \/>\n<meta name=\"twitter:label1\" content=\"Tiempo de lectura\" \/>\n\t<meta name=\"twitter:data1\" content=\"1 minuto\" \/>\n<script type=\"application\/ld+json\" class=\"yoast-schema-graph\">{\"@context\":\"https:\/\/schema.org\",\"@graph\":[{\"@type\":\"WebPage\",\"@id\":\"https:\/\/lajollaexcellence.com\/faqs\/\",\"url\":\"https:\/\/lajollaexcellence.com\/faqs\/\",\"name\":\"FAQ\u00b4s: - La Jolla\",\"isPartOf\":{\"@id\":\"https:\/\/lajollaexcellence.com\/#website\"},\"primaryImageOfPage\":{\"@id\":\"https:\/\/lajollaexcellence.com\/faqs\/#primaryimage\"},\"image\":{\"@id\":\"https:\/\/lajollaexcellence.com\/faqs\/#primaryimage\"},\"thumbnailUrl\":\"https:\/\/lajollaexcellence.com\/wp-content\/uploads\/2020\/12\/FAQS.jpg\",\"datePublished\":\"2020-04-15T16:48:46+00:00\",\"dateModified\":\"2021-03-29T19:01:58+00:00\",\"description\":\"La Jolla Excellence is developed by Desarrolladora de Las Californias S.A. de C.V. (DECASA). DECASA have been building residential developments in the Rosarito area for 30 years, and have sold over 850 units. La Jolla Excellence is their 7th project.\",\"breadcrumb\":{\"@id\":\"https:\/\/lajollaexcellence.com\/faqs\/#breadcrumb\"},\"inLanguage\":\"es\",\"potentialAction\":[{\"@type\":\"ReadAction\",\"target\":[\"https:\/\/lajollaexcellence.com\/faqs\/\"]}]},{\"@type\":\"ImageObject\",\"inLanguage\":\"es\",\"@id\":\"https:\/\/lajollaexcellence.com\/faqs\/#primaryimage\",\"url\":\"https:\/\/lajollaexcellence.com\/wp-content\/uploads\/2020\/12\/FAQS.jpg\",\"contentUrl\":\"https:\/\/lajollaexcellence.com\/wp-content\/uploads\/2020\/12\/FAQS.jpg\",\"width\":1170,\"height\":480},{\"@type\":\"BreadcrumbList\",\"@id\":\"https:\/\/lajollaexcellence.com\/faqs\/#breadcrumb\",\"itemListElement\":[{\"@type\":\"ListItem\",\"position\":1,\"name\":\"Portada\",\"item\":\"https:\/\/lajollaexcellence.com\/\"},{\"@type\":\"ListItem\",\"position\":2,\"name\":\"FAQ\u00b4s:\"}]},{\"@type\":\"WebSite\",\"@id\":\"https:\/\/lajollaexcellence.com\/#website\",\"url\":\"https:\/\/lajollaexcellence.com\/\",\"name\":\"La Jolla\",\"description\":\"Otro sitio realizado con WordPress\",\"publisher\":{\"@id\":\"https:\/\/lajollaexcellence.com\/#organization\"},\"potentialAction\":[{\"@type\":\"SearchAction\",\"target\":{\"@type\":\"EntryPoint\",\"urlTemplate\":\"https:\/\/lajollaexcellence.com\/?s={search_term_string}\"},\"query-input\":\"required name=search_term_string\"}],\"inLanguage\":\"es\"},{\"@type\":\"Organization\",\"@id\":\"https:\/\/lajollaexcellence.com\/#organization\",\"name\":\"La Jolla Excellence\",\"url\":\"https:\/\/lajollaexcellence.com\/\",\"logo\":{\"@type\":\"ImageObject\",\"inLanguage\":\"es\",\"@id\":\"https:\/\/lajollaexcellence.com\/#\/schema\/logo\/image\/\",\"url\":\"https:\/\/lajollaexcellence.com\/wp-content\/uploads\/2020\/04\/logo_la_jolla.png\",\"contentUrl\":\"https:\/\/lajollaexcellence.com\/wp-content\/uploads\/2020\/04\/logo_la_jolla.png\",\"width\":130,\"height\":29,\"caption\":\"La Jolla Excellence\"},\"image\":{\"@id\":\"https:\/\/lajollaexcellence.com\/#\/schema\/logo\/image\/\"},\"sameAs\":[\"https:\/\/www.facebook.com\/LaJollaExcellence\",\"https:\/\/www.instagram.com\/lajollaexcellence\/?hl=es-la\",\"https:\/\/www.youtube.com\/channel\/UChHI6xIwya3g0lpYE42bppA\"]}]}<\/script>\n<!-- \/ Yoast SEO plugin. -->","yoast_head_json":{"title":"FAQ\u00b4s: - La Jolla","description":"La Jolla Excellence is developed by Desarrolladora de Las Californias S.A. de C.V. (DECASA). DECASA have been building residential developments in the Rosarito area for 30 years, and have sold over 850 units. La Jolla Excellence is their 7th project.","robots":{"index":"index","follow":"follow","max-snippet":"max-snippet:-1","max-image-preview":"max-image-preview:large","max-video-preview":"max-video-preview:-1"},"canonical":"https:\/\/lajollaexcellence.com\/es\/faqs\/","og_locale":"es_MX","og_type":"article","og_title":"FAQ\u00b4s: - La Jolla","og_description":"La Jolla Excellence is developed by Desarrolladora de Las Californias S.A. de C.V. (DECASA). DECASA have been building residential developments in the Rosarito area for 30 years, and have sold over 850 units. La Jolla Excellence is their 7th project.","og_url":"https:\/\/lajollaexcellence.com\/es\/faqs\/","og_site_name":"La Jolla","article_publisher":"https:\/\/www.facebook.com\/LaJollaExcellence","article_modified_time":"2021-03-29T19:01:58+00:00","og_image":[{"width":1170,"height":480,"url":"https:\/\/lajollaexcellence.com\/wp-content\/uploads\/2020\/12\/FAQS.jpg","type":"image\/jpeg"}],"twitter_card":"summary_large_image","twitter_misc":{"Tiempo de lectura":"1 minuto"},"schema":{"@context":"https:\/\/schema.org","@graph":[{"@type":"WebPage","@id":"https:\/\/lajollaexcellence.com\/faqs\/","url":"https:\/\/lajollaexcellence.com\/faqs\/","name":"FAQ\u00b4s: - La Jolla","isPartOf":{"@id":"https:\/\/lajollaexcellence.com\/#website"},"primaryImageOfPage":{"@id":"https:\/\/lajollaexcellence.com\/faqs\/#primaryimage"},"image":{"@id":"https:\/\/lajollaexcellence.com\/faqs\/#primaryimage"},"thumbnailUrl":"https:\/\/lajollaexcellence.com\/wp-content\/uploads\/2020\/12\/FAQS.jpg","datePublished":"2020-04-15T16:48:46+00:00","dateModified":"2021-03-29T19:01:58+00:00","description":"La Jolla Excellence is developed by Desarrolladora de Las Californias S.A. de C.V. (DECASA). DECASA have been building residential developments in the Rosarito area for 30 years, and have sold over 850 units. La Jolla Excellence is their 7th project.","breadcrumb":{"@id":"https:\/\/lajollaexcellence.com\/faqs\/#breadcrumb"},"inLanguage":"es","potentialAction":[{"@type":"ReadAction","target":["https:\/\/lajollaexcellence.com\/faqs\/"]}]},{"@type":"ImageObject","inLanguage":"es","@id":"https:\/\/lajollaexcellence.com\/faqs\/#primaryimage","url":"https:\/\/lajollaexcellence.com\/wp-content\/uploads\/2020\/12\/FAQS.jpg","contentUrl":"https:\/\/lajollaexcellence.com\/wp-content\/uploads\/2020\/12\/FAQS.jpg","width":1170,"height":480},{"@type":"BreadcrumbList","@id":"https:\/\/lajollaexcellence.com\/faqs\/#breadcrumb","itemListElement":[{"@type":"ListItem","position":1,"name":"Portada","item":"https:\/\/lajollaexcellence.com\/"},{"@type":"ListItem","position":2,"name":"FAQ\u00b4s:"}]},{"@type":"WebSite","@id":"https:\/\/lajollaexcellence.com\/#website","url":"https:\/\/lajollaexcellence.com\/","name":"La Jolla","description":"Otro sitio realizado con WordPress","publisher":{"@id":"https:\/\/lajollaexcellence.com\/#organization"},"potentialAction":[{"@type":"SearchAction","target":{"@type":"EntryPoint","urlTemplate":"https:\/\/lajollaexcellence.com\/?s={search_term_string}"},"query-input":"required name=search_term_string"}],"inLanguage":"es"},{"@type":"Organization","@id":"https:\/\/lajollaexcellence.com\/#organization","name":"La Jolla Excellence","url":"https:\/\/lajollaexcellence.com\/","logo":{"@type":"ImageObject","inLanguage":"es","@id":"https:\/\/lajollaexcellence.com\/#\/schema\/logo\/image\/","url":"https:\/\/lajollaexcellence.com\/wp-content\/uploads\/2020\/04\/logo_la_jolla.png","contentUrl":"https:\/\/lajollaexcellence.com\/wp-content\/uploads\/2020\/04\/logo_la_jolla.png","width":130,"height":29,"caption":"La Jolla Excellence"},"image":{"@id":"https:\/\/lajollaexcellence.com\/#\/schema\/logo\/image\/"},"sameAs":["https:\/\/www.facebook.com\/LaJollaExcellence","https:\/\/www.instagram.com\/lajollaexcellence\/?hl=es-la","https:\/\/www.youtube.com\/channel\/UChHI6xIwya3g0lpYE42bppA"]}]}},"_links":{"self":[{"href":"https:\/\/lajollaexcellence.com\/es\/wp-json\/wp\/v2\/pages\/999"}],"collection":[{"href":"https:\/\/lajollaexcellence.com\/es\/wp-json\/wp\/v2\/pages"}],"about":[{"href":"https:\/\/lajollaexcellence.com\/es\/wp-json\/wp\/v2\/types\/page"}],"author":[{"embeddable":true,"href":"https:\/\/lajollaexcellence.com\/es\/wp-json\/wp\/v2\/users\/1"}],"replies":[{"embeddable":true,"href":"https:\/\/lajollaexcellence.com\/es\/wp-json\/wp\/v2\/comments?post=999"}],"version-history":[{"count":0,"href":"https:\/\/lajollaexcellence.com\/es\/wp-json\/wp\/v2\/pages\/999\/revisions"}],"wp:featuredmedia":[{"embeddable":true,"href":"https:\/\/lajollaexcellence.com\/es\/wp-json\/wp\/v2\/media\/1382"}],"wp:attachment":[{"href":"https:\/\/lajollaexcellence.com\/es\/wp-json\/wp\/v2\/media?parent=999"}],"curies":[{"name":"wp","href":"https:\/\/api.w.org\/{rel}","templated":true}]}}